{"id":115,"date":"2024-03-26T10:21:10","date_gmt":"2024-03-26T10:21:10","guid":{"rendered":"https:\/\/www.ipsen-med.ch\/conditions-generales-de-vente\/"},"modified":"2024-07-18T08:44:39","modified_gmt":"2024-07-18T08:44:39","slug":"conditions-generales-de-vente","status":"publish","type":"page","link":"https:\/\/www.ipsen-med.ch\/fr\/conditions-generales-de-vente\/","title":{"rendered":"Conditions g\u00e9n\u00e9rales de vente"},"content":{"rendered":"\n<p><strong>Vous trouverez ici les conditions g\u00e9n\u00e9rales de vente de notre partenaire de services logistiques Alloga :<\/strong> <a href=\"https:\/\/www.alloga.ch\/allogaAssets\/bin\/fr\/05_downloads\/2023_agb-alloga-fr.pdf\" target=\"_blank\" rel=\"noreferrer noopener\" class=\"button button-icon\">T\u00e9l\u00e9charger<\/a><\/p>\n","protected":false},"excerpt":{"rendered":"<p>Vous trouverez ici les conditions g\u00e9n\u00e9rales de vente de notre partenaire de services logistiques Alloga : T\u00e9l\u00e9charger<\/p>\n","protected":false},"author":1,"featured_media":0,"parent":0,"menu_order":0,"comment_status":"closed","ping_status":"closed","template":"impressum.blade.php","meta":{"footnotes":""},"class_list":["post-115","page","type-page","status-publish","hentry"],"_links":{"self":[{"href":"https:\/\/www.ipsen-med.ch\/fr\/wp-json\/wp\/v2\/pages\/115","targetHints":{"allow":["GET"]}}],"collection":[{"href":"https:\/\/www.ipsen-med.ch\/fr\/wp-json\/wp\/v2\/pages"}],"about":[{"href":"https:\/\/www.ipsen-med.ch\/fr\/wp-json\/wp\/v2\/types\/page"}],"author":[{"embeddable":true,"href":"https:\/\/www.ipsen-med.ch\/fr\/wp-json\/wp\/v2\/users\/1"}],"replies":[{"embeddable":true,"href":"https:\/\/www.ipsen-med.ch\/fr\/wp-json\/wp\/v2\/comments?post=115"}],"version-history":[{"count":2,"href":"https:\/\/www.ipsen-med.ch\/fr\/wp-json\/wp\/v2\/pages\/115\/revisions"}],"predecessor-version":[{"id":159,"href":"https:\/\/www.ipsen-med.ch\/fr\/wp-json\/wp\/v2\/pages\/115\/revisions\/159"}],"wp:attachment":[{"href":"https:\/\/www.ipsen-med.ch\/fr\/wp-json\/wp\/v2\/media?parent=115"}],"curies":[{"name":"wp","href":"https:\/\/api.w.org\/{rel}","templated":true}]}}